{"id":3547,"date":"2020-07-15T19:29:23","date_gmt":"2020-07-15T22:29:23","guid":{"rendered":"http:\/\/dev.aerospacebrazil.com.br\/?page_id=3547"},"modified":"2020-07-16T23:41:03","modified_gmt":"2020-07-17T02:41:03","slug":"join-us","status":"publish","type":"page","link":"https:\/\/aerospacebrazil.com.br\/en\/join-us\/","title":{"rendered":"Join us"},"content":{"rendered":"<div class=\"fusion-fullwidth fullwidth-box fusion-builder-row-1 nonhundred-percent-fullwidth non-hundred-percent-height-scrolling\" style=\"--awb-border-radius-top-left:0px;--awb-border-radius-top-right:0px;--awb-border-radius-bottom-right:0px;--awb-border-radius-bottom-left:0px;--awb-flex-wrap:wrap;\" ><div class=\"fusion-builder-row fusion-row\"><div class=\"fusion-layout-column fusion_builder_column fusion-builder-column-0 fusion_builder_column_1_4 1_4 fusion-one-fourth fusion-column-first\" style=\"--awb-bg-size:cover;width:25%;width:calc(25% - ( ( 4% ) * 0.25 ) );margin-right: 4%;\"><div class=\"fusion-column-wrapper fusion-column-has-shadow fusion-flex-column-wrapper-legacy\"><div class=\"fusion-clearfix\"><\/div><\/div><\/div><div class=\"fusion-layout-column fusion_builder_column fusion-builder-column-1 fusion_builder_column_1_2 1_2 fusion-one-half fusion-column-last\" style=\"--awb-bg-size:cover;width:50%;width:calc(50% - ( ( 4% ) * 0.5 ) );\"><div class=\"fusion-column-wrapper fusion-column-has-shadow fusion-flex-column-wrapper-legacy\"><div class=\"fusion-text fusion-text-1\"><h4 style=\"text-align: center;\">Increase your strength and visibility in the national and international market! Bring your company to Aerospace Brazil.<\/h4>\n<p style=\"text-align: center;\">To become an associate, fill out the interest form below. Our team will evaluate your participation and will contact you.<\/p>\n<\/div>\n<div class=\"wpcf7 no-js\" id=\"wpcf7-f1458-o1\" lang=\"pt-BR\" dir=\"ltr\" data-wpcf7-id=\"1458\">\n<div class=\"screen-reader-response\"><p role=\"status\" aria-live=\"polite\" aria-atomic=\"true\"><\/p> <ul><\/ul><\/div>\n<form action=\"\/en\/wp-json\/wp\/v2\/pages\/3547#wpcf7-f1458-o1\" method=\"post\" class=\"wpcf7-form init\" aria-label=\"Formul\u00e1rios de contato\" novalidate=\"novalidate\" data-status=\"init\">\n<div style=\"display: none;\">\n<input type=\"hidden\" name=\"_wpcf7\" value=\"1458\" \/>\n<input type=\"hidden\" name=\"_wpcf7_version\" value=\"6.0.6\" \/>\n<input type=\"hidden\" name=\"_wpcf7_locale\" value=\"pt_BR\" \/>\n<input type=\"hidden\" name=\"_wpcf7_unit_tag\" value=\"wpcf7-f1458-o1\" \/>\n<input type=\"hidden\" name=\"_wpcf7_container_post\" value=\"0\" \/>\n<input type=\"hidden\" name=\"_wpcf7_posted_data_hash\" value=\"\" \/>\n<input type=\"hidden\" name=\"_wpcf7_recaptcha_response\" value=\"\" \/>\n<\/div>\n<p><label> Nome da Empresa<br \/>\n<span class=\"wpcf7-form-control-wrap\" data-name=\"company-name\"><input size=\"40\" maxlength=\"400\" class=\"wpcf7-form-control wpcf7-text wpcf7-validates-as-required\" aria-required=\"true\" aria-invalid=\"false\" value=\"\" type=\"text\" name=\"company-name\" \/><\/span> <\/label>\n<\/p>\n<p><label> CNPJ<br \/>\n<span class=\"wpcf7-form-control-wrap\" data-name=\"CNPJ\"><input size=\"40\" maxlength=\"400\" class=\"wpcf7-form-control wpcf7-text wpcf7-validates-as-required\" aria-required=\"true\" aria-invalid=\"false\" value=\"\" type=\"text\" name=\"CNPJ\" \/><\/span> <\/label>\n<\/p>\n<p><label> E-Mail de Contato<br \/>\n<span class=\"wpcf7-form-control-wrap\" data-name=\"email\"><input size=\"40\" maxlength=\"400\" class=\"wpcf7-form-control wpcf7-email wpcf7-validates-as-required wpcf7-text wpcf7-validates-as-email\" aria-required=\"true\" aria-invalid=\"false\" value=\"\" type=\"email\" name=\"email\" \/><\/span> <\/label>\n<\/p>\n<p><label> \u00c1reas de atua\u00e7\u00e3o (Selecione todos que se aplicam)<\/label><br \/>\n<span class=\"wpcf7-form-control-wrap\" data-name=\"areas-atuacao\"><select class=\"wpcf7-form-control wpcf7-select wpcf7-validates-as-required\" aria-required=\"true\" aria-invalid=\"false\" multiple=\"multiple\" name=\"areas-atuacao[]\"><option value=\"Consultoria\">Consultoria<\/option><option value=\"Defesa e Seguran\u00e7a\">Defesa e Seguran\u00e7a<\/option><option value=\"Engenharia\">Engenharia<\/option><option value=\"Industria e Fabrica\u00e7\u00e3o\">Industria e Fabrica\u00e7\u00e3o<\/option><option value=\"Servi\u00e7os\">Servi\u00e7os<\/option><\/select><\/span>\n<\/p>\n<p><label> Compot\u00eancias (Selecione todas que se aplicam)<\/label><br \/>\n<span class=\"wpcf7-form-control-wrap\" data-name=\"competencias\"><select class=\"wpcf7-form-control wpcf7-select wpcf7-validates-as-required\" aria-required=\"true\" aria-invalid=\"false\" multiple=\"multiple\" name=\"competencias[]\"><option value=\"Adesivos e revestimentos\">Adesivos e revestimentos<\/option><option value=\"Tr\u00e1fego A\u00e9reo\">Tr\u00e1fego A\u00e9reo<\/option><option value=\"Servi\u00e7os Aeroportu\u00e1rios\">Servi\u00e7os Aeroportu\u00e1rios<\/option><option value=\"Estruturas\">Estruturas<\/option><option value=\"Avi\u00f4nicos\">Avi\u00f4nicos<\/option><option value=\"Sistemas Avan\u00e7ados de Defesa\">Sistemas Avan\u00e7ados de Defesa<\/option><option value=\"Montagem\">Montagem<\/option><option value=\"Certifica\u00e7\u00e3o\">Certifica\u00e7\u00e3o<\/option><option value=\"Qu\u00edmicos e Suprimentos Industriais\">Qu\u00edmicos e Suprimentos Industriais<\/option><option value=\"Sistema de comunica\u00e7\u00e3o\">Sistema de comunica\u00e7\u00e3o<\/option><option value=\"Compostos\">Compostos<\/option><option value=\"Din\u00e2mica dos Fluidos Computacional\">Din\u00e2mica dos Fluidos Computacional<\/option><option value=\"Consultoria\">Consultoria<\/option><option value=\"Dispositivos e partes de aeronaves\">Dispositivos e partes de aeronaves<\/option><option value=\"Documenta\u00e7\u00e3o\">Documenta\u00e7\u00e3o<\/option><option value=\"Servi\u00e7os de Engenharia\">Servi\u00e7os de Engenharia<\/option><option value=\"Sistema de motores e equipamentos\">Sistema de motores e equipamentos<\/option><option value=\"Suprimentos el\u00e9tricos, cablagem\">Suprimentos el\u00e9tricos, cablagem<\/option><option value=\"Sistemas Eletr\u00f4nicos\">Sistemas Eletr\u00f4nicos<\/option><option value=\"Sistema ambiental\">Sistema ambiental<\/option><option value=\"Simuladores de voo, treinadores\">Simuladores de voo, treinadores<\/option><option value=\"Sistema de combust\u00edvel\">Sistema de combust\u00edvel<\/option><option value=\"Geoprocessamento, Sensoriamento Remoto\">Geoprocessamento, Sensoriamento Remoto<\/option><option value=\"Equipamento de apoio em Terra\">Equipamento de apoio em Terra<\/option><option value=\"Aquisi\u00e7\u00e3o e An\u00e1lise de Dados em Voo\">Aquisi\u00e7\u00e3o e An\u00e1lise de Dados em Voo<\/option><option value=\"Metrologia Industrial\">Metrologia Industrial<\/option><option value=\"Servi\u00e7os de Integra\u00e7\u00e3o\">Servi\u00e7os de Integra\u00e7\u00e3o<\/option><option value=\"Interior e Design de Interiores\">Interior e Design de Interiores<\/option><option value=\"Sistema de Trem de Pouso\">Sistema de Trem de Pouso<\/option><option value=\"Log\u00edstica\">Log\u00edstica<\/option><option value=\"Usinagem\">Usinagem<\/option><option value=\"Manuten\u00e7\u00e3o, Reparo e Inspe\u00e7\u00e3o\">Manuten\u00e7\u00e3o, Reparo e Inspe\u00e7\u00e3o<\/option><option value=\"Sistema Mec\u00e2nico\">Sistema Mec\u00e2nico<\/option><option value=\"Misseis e Armas\">Misseis e Armas<\/option><option value=\"Sistema de navega\u00e7\u00e3o e equipamentos\">Sistema de navega\u00e7\u00e3o e equipamentos<\/option><option value=\"Pintura\">Pintura<\/option><option value=\"Fonte de mat\u00e9ria prima\">Fonte de mat\u00e9ria prima<\/option><option value=\"Pesquisa e Desenvolvimento\">Pesquisa e Desenvolvimento<\/option><option value=\"OEM\">OEM<\/option><option value=\"Desenvolvimento de Softwares\">Desenvolvimento de Softwares<\/option><option value=\"Sistemas espaciais e equipamentos\">Sistemas espaciais e equipamentos<\/option><option value=\"Processo especial\">Processo especial<\/option><option value=\"Estamparia\">Estamparia<\/option><option value=\"Vigil\u00e2ncia\">Vigil\u00e2ncia<\/option><option value=\"Suporte T\u00e9cnico\">Suporte T\u00e9cnico<\/option><option value=\"Testes e certifica\u00e7\u00e3o\">Testes e certifica\u00e7\u00e3o<\/option><option value=\"Treinamento\">Treinamento<\/option><option value=\"Ferramental\">Ferramental<\/option><option value=\"Transpar\u00eancias\">Transpar\u00eancias<\/option><option value=\"Outros\">Outros<\/option><\/select><\/span>\n<\/p>\n<p><label> Site<br \/>\n<span class=\"wpcf7-form-control-wrap\" data-name=\"site-empresa\"><input size=\"40\" maxlength=\"400\" class=\"wpcf7-form-control wpcf7-url wpcf7-validates-as-required wpcf7-text wpcf7-validates-as-url\" aria-required=\"true\" aria-invalid=\"false\" value=\"\" type=\"url\" name=\"site-empresa\" \/><\/span> <\/label>\n<\/p>\n<p><label> Telefone<br \/>\n<span class=\"wpcf7-form-control-wrap\" data-name=\"telefone\"><input size=\"40\" maxlength=\"400\" class=\"wpcf7-form-control wpcf7-email wpcf7-validates-as-required wpcf7-text wpcf7-validates-as-email\" aria-required=\"true\" aria-invalid=\"false\" value=\"\" type=\"email\" name=\"telefone\" \/><\/span> <\/label>\n<\/p>\n<p><label> Logradouro<br \/>\n<span class=\"wpcf7-form-control-wrap\" data-name=\"logradouro\"><input size=\"40\" maxlength=\"400\" class=\"wpcf7-form-control wpcf7-text wpcf7-validates-as-required\" aria-required=\"true\" aria-invalid=\"false\" value=\"\" type=\"text\" name=\"logradouro\" \/><\/span> <\/label>\n<\/p>\n<p><label> Numero<br \/>\n<span class=\"wpcf7-form-control-wrap\" data-name=\"Numero\"><input size=\"40\" maxlength=\"400\" class=\"wpcf7-form-control wpcf7-text wpcf7-validates-as-required\" aria-required=\"true\" aria-invalid=\"false\" value=\"\" type=\"text\" name=\"Numero\" \/><\/span> <\/label>\n<\/p>\n<p><label> Complemento<br \/>\n<span class=\"wpcf7-form-control-wrap\" data-name=\"complemento\"><input size=\"40\" maxlength=\"400\" class=\"wpcf7-form-control wpcf7-text wpcf7-validates-as-required\" aria-required=\"true\" aria-invalid=\"false\" value=\"\" type=\"text\" name=\"complemento\" \/><\/span> <\/label>\n<\/p>\n<p><label> Bairro<br \/>\n<span class=\"wpcf7-form-control-wrap\" data-name=\"bairro\"><input size=\"40\" maxlength=\"400\" class=\"wpcf7-form-control wpcf7-text wpcf7-validates-as-required\" aria-required=\"true\" aria-invalid=\"false\" value=\"\" type=\"text\" name=\"bairro\" \/><\/span> <\/label>\n<\/p>\n<p><label> Cidade<br \/>\n<span class=\"wpcf7-form-control-wrap\" data-name=\"cidade\"><input size=\"40\" maxlength=\"400\" class=\"wpcf7-form-control wpcf7-text wpcf7-validates-as-required\" aria-required=\"true\" aria-invalid=\"false\" value=\"\" type=\"text\" name=\"cidade\" \/><\/span> <\/label>\n<\/p>\n<p><label> Estado<br \/>\n<span class=\"wpcf7-form-control-wrap\" data-name=\"estado\"><select class=\"wpcf7-form-control wpcf7-select wpcf7-validates-as-required\" aria-required=\"true\" aria-invalid=\"false\" name=\"estado\"><option value=\"AC\">AC<\/option><option value=\"AL\">AL<\/option><option value=\"AP\">AP<\/option><option value=\"AM\">AM<\/option><option value=\"BA\">BA<\/option><option value=\"CE\">CE<\/option><option value=\"DF\">DF<\/option><option value=\"ES\">ES<\/option><option value=\"GO\">GO<\/option><option value=\"MA\">MA<\/option><option value=\"MT\">MT<\/option><option value=\"MS\">MS<\/option><option value=\"MG\">MG<\/option><option value=\"PA\">PA<\/option><option value=\"PG\">PG<\/option><option value=\"PR\">PR<\/option><option value=\"PE\">PE<\/option><option value=\"PI\">PI<\/option><option value=\"RJ\">RJ<\/option><option value=\"RN\">RN<\/option><option value=\"RS\">RS<\/option><option value=\"RO\">RO<\/option><option value=\"RR\">RR<\/option><option value=\"SC\">SC<\/option><option value=\"SP\">SP<\/option><option value=\"SE\">SE<\/option><option value=\"TO\">TO<\/option><\/select><\/span> <\/label>\n<\/p>\n<p><label> CEP<br \/>\n<span class=\"wpcf7-form-control-wrap\" data-name=\"cep\"><input size=\"40\" maxlength=\"400\" class=\"wpcf7-form-control wpcf7-text wpcf7-validates-as-required\" aria-required=\"true\" aria-invalid=\"false\" value=\"\" type=\"text\" name=\"cep\" \/><\/span> <\/label>\n<\/p>\n<p><label> Nome Representante<br \/>\n<span class=\"wpcf7-form-control-wrap\" data-name=\"company-name\"><input size=\"40\" maxlength=\"400\" class=\"wpcf7-form-control wpcf7-text wpcf7-validates-as-required\" aria-required=\"true\" aria-invalid=\"false\" value=\"\" type=\"text\" name=\"company-name\" \/><\/span> <\/label>\n<\/p>\n<p><label> E-Mail do Representante<br \/>\n<span class=\"wpcf7-form-control-wrap\" data-name=\"email-representante\"><input size=\"40\" maxlength=\"400\" class=\"wpcf7-form-control wpcf7-email wpcf7-validates-as-required wpcf7-text wpcf7-validates-as-email\" aria-required=\"true\" aria-invalid=\"false\" value=\"\" type=\"email\" name=\"email-representante\" \/><\/span> <\/label>\n<\/p>\n<p><input class=\"wpcf7-form-control wpcf7-submit has-spinner\" type=\"submit\" value=\"Enviar\" \/>\n<\/p><div class=\"fusion-alert alert custom alert-custom fusion-alert-center wpcf7-response-output awb-alert-native-link-color alert-dismissable awb-alert-close-boxed\" style=\"--awb-border-size:1px;--awb-border-top-left-radius:0px;--awb-border-top-right-radius:0px;--awb-border-bottom-left-radius:0px;--awb-border-bottom-right-radius:0px;\" role=\"alert\"><div class=\"fusion-alert-content-wrapper\"><span class=\"fusion-alert-content\"><\/span><\/div><button type=\"button\" class=\"close toggle-alert\" data-dismiss=\"alert\" aria-label=\"Fechar\">&times;<\/button><\/div>\n<\/form>\n<\/div>\n<div class=\"fusion-clearfix\"><\/div><\/div><\/div><\/div><\/div>\n","protected":false},"excerpt":{"rendered":"","protected":false},"author":1,"featured_media":0,"parent":0,"menu_order":0,"comment_status":"closed","ping_status":"closed","template":"100-width.php","meta":{"_acf_changed":false,"footnotes":""},"class_list":["post-3547","page","type-page","status-publish","hentry"],"acf":[],"_links":{"self":[{"href":"https:\/\/aerospacebrazil.com.br\/en\/wp-json\/wp\/v2\/pages\/3547"}],"collection":[{"href":"https:\/\/aerospacebrazil.com.br\/en\/wp-json\/wp\/v2\/pages"}],"about":[{"href":"https:\/\/aerospacebrazil.com.br\/en\/wp-json\/wp\/v2\/types\/page"}],"author":[{"embeddable":true,"href":"https:\/\/aerospacebrazil.com.br\/en\/wp-json\/wp\/v2\/users\/1"}],"replies":[{"embeddable":true,"href":"https:\/\/aerospacebrazil.com.br\/en\/wp-json\/wp\/v2\/comments?post=3547"}],"version-history":[{"count":2,"href":"https:\/\/aerospacebrazil.com.br\/en\/wp-json\/wp\/v2\/pages\/3547\/revisions"}],"predecessor-version":[{"id":3591,"href":"https:\/\/aerospacebrazil.com.br\/en\/wp-json\/wp\/v2\/pages\/3547\/revisions\/3591"}],"wp:attachment":[{"href":"https:\/\/aerospacebrazil.com.br\/en\/wp-json\/wp\/v2\/media?parent=3547"}],"curies":[{"name":"wp","href":"https:\/\/api.w.org\/{rel}","templated":true}]}}